{"id":69,"date":"2016-05-15T07:23:28","date_gmt":"2016-05-15T10:23:28","guid":{"rendered":"http:\/\/costaogolf.com.br\/?page_id=69"},"modified":"2016-06-19T20:13:42","modified_gmt":"2016-06-19T23:13:42","slug":"calendario","status":"publish","type":"page","link":"https:\/\/www.costaogolfville.com.br\/institucional\/golf\/calendario\/","title":{"rendered":"Calend\u00e1rio"},"content":{"rendered":"<h2>Estamos atualizando nosso calend\u00e1rio.<\/h2>\n","protected":false},"excerpt":{"rendered":"Inscreva-se agora com sua dupla no formul\u00e1rio abaixo: Mais informa\u00e7\u00f5es no &#101;-&#x6d;a&#x69;l\u00a0&#x73;t&#x61;r&#x74;&#101;&#x72;&#64;&#x63;&#111;&#x73;&#116;&#x61;&#111;&#x67;&#111;&#x6c;&#102;&#46;&#x63;o&#x6d;&#46;&#x62;r ou telefone 048-3209-2105. &nbsp; &nbsp; \u00a0","protected":false},"author":1,"featured_media":1838,"parent":0,"menu_order":0,"comment_status":"closed","ping_status":"closed","template":"","meta":{"spay_email":""},"jetpack_sharing_enabled":true,"jetpack_shortlink":"https:\/\/wp.me\/P7G2mK-17","jetpack-related-posts":[{"id":63,"url":"https:\/\/www.costaogolfville.com.br\/institucional\/golf\/calendario-de-manutencoes\/","url_meta":{"origin":69,"position":0},"title":"Calend\u00e1rio de manuten\u00e7\u00f5es","date":"15 de maio de 2016","format":false,"excerpt":"","rel":"","context":"Post similar","img":{"alt_text":"","src":"https:\/\/i1.wp.com\/www.costaogolfville.com.br\/institucional\/golf\/wp-content\/uploads\/2016\/06\/home_subheader_3.jpg?fit=1200%2C438&ssl=1&resize=350%2C200","width":350,"height":200},"classes":[]}],"_links":{"self":[{"href":"https:\/\/www.costaogolfville.com.br\/institucional\/golf\/wp-json\/wp\/v2\/pages\/69"}],"collection":[{"href":"https:\/\/www.costaogolfville.com.br\/institucional\/golf\/wp-json\/wp\/v2\/pages"}],"about":[{"href":"https:\/\/www.costaogolfville.com.br\/institucional\/golf\/wp-json\/wp\/v2\/types\/page"}],"author":[{"embeddable":true,"href":"https:\/\/www.costaogolfville.com.br\/institucional\/golf\/wp-json\/wp\/v2\/users\/1"}],"replies":[{"embeddable":true,"href":"https:\/\/www.costaogolfville.com.br\/institucional\/golf\/wp-json\/wp\/v2\/comments?post=69"}],"version-history":[{"count":2,"href":"https:\/\/www.costaogolfville.com.br\/institucional\/golf\/wp-json\/wp\/v2\/pages\/69\/revisions"}],"predecessor-version":[{"id":1828,"href":"https:\/\/www.costaogolfville.com.br\/institucional\/golf\/wp-json\/wp\/v2\/pages\/69\/revisions\/1828"}],"wp:featuredmedia":[{"embeddable":true,"href":"https:\/\/www.costaogolfville.com.br\/institucional\/golf\/wp-json\/wp\/v2\/media\/1838"}],"wp:attachment":[{"href":"https:\/\/www.costaogolfville.com.br\/institucional\/golf\/wp-json\/wp\/v2\/media?parent=69"}],"curies":[{"name":"wp","href":"https:\/\/api.w.org\/{rel}","templated":true}]}}