{"id":55,"date":"2016-05-15T07:20:25","date_gmt":"2016-05-15T10:20:25","guid":{"rendered":"http:\/\/costaogolf.com.br\/?page_id=55"},"modified":"2020-10-06T19:10:19","modified_gmt":"2020-10-06T22:10:19","slug":"administracao-e-comissao","status":"publish","type":"page","link":"https:\/\/www.costaogolfville.com.br\/institucional\/golf\/administracao-e-comissao\/","title":{"rendered":"Administra\u00e7\u00e3o e Comiss\u00e3o"},"content":{"rendered":"","protected":false},"excerpt":{"rendered":"","protected":false},"author":1,"featured_media":1835,"parent":0,"menu_order":0,"comment_status":"closed","ping_status":"closed","template":"","meta":{"spay_email":""},"jetpack_sharing_enabled":true,"jetpack_shortlink":"https:\/\/wp.me\/P7G2mK-T","jetpack-related-posts":[{"id":3313,"url":"https:\/\/www.costaogolfville.com.br\/institucional\/golf\/regras-locais\/","url_meta":{"origin":55,"position":0},"title":"Regras locais","date":"19 de abril de 2017","format":false,"excerpt":"REGRAS LOCAIS: 1.Buraco 1\/10 e 2\/11: \u00c1reas de Preserva\u00e7\u00e3o: Estacas verdes. A bola n\u00e3o poder\u00e1 ser jogada dentro das \u00c1reas de Preserva\u00e7\u00e3o (penalidade duas tacadas). \u00c9 considerado azar lateral. As estacas s\u00e3o Obstru\u00e7\u00f5es Fixas (Regra 24.2). A bola poder\u00e1 ser jogada da \u00e1rea de drop respectiva, com penalidade de uma\u2026","rel":"","context":"Post similar","img":{"alt_text":"","src":"https:\/\/i2.wp.com\/www.costaogolfville.com.br\/institucional\/golf\/wp-content\/uploads\/2016\/06\/home_subheader_4.jpg?fit=1200%2C438&ssl=1&resize=350%2C200","width":350,"height":200},"classes":[]},{"id":53,"url":"https:\/\/www.costaogolfville.com.br\/institucional\/golf\/sobre\/","url_meta":{"origin":55,"position":1},"title":"Sobre","date":"15 de maio de 2016","format":false,"excerpt":"[vc_row][vc_column width=\"1\/2\"][vc_column_text] Cercado de verde e paisagens fascinantes com morros, dunas, lagoas e as melhores praias da Ilha, o Cost\u00e3o Golf Club apresenta completa infraestrutura para atender jogadores dos mais variados perfis. Driving Range: Um dos melhores do Brasil, com 22 baias de lan\u00e7amento, 300 jardas de comprimento por 100\u2026","rel":"","context":"Post similar","img":{"alt_text":"","src":"https:\/\/i2.wp.com\/www.costaogolfville.com.br\/institucional\/golf\/wp-content\/uploads\/2016\/06\/home_subheader_4.jpg?fit=1200%2C438&ssl=1&resize=350%2C200","width":350,"height":200},"classes":[]},{"id":67,"url":"https:\/\/www.costaogolfville.com.br\/institucional\/golf\/jogue-golfe\/","url_meta":{"origin":55,"position":2},"title":"Aprenda e Jogue","date":"15 de maio de 2016","format":false,"excerpt":"","rel":"","context":"Post similar","img":{"alt_text":"","src":"https:\/\/i2.wp.com\/www.costaogolfville.com.br\/institucional\/golf\/wp-content\/uploads\/2016\/06\/home_subheader_4.jpg?fit=1200%2C438&ssl=1&resize=350%2C200","width":350,"height":200},"classes":[]}],"_links":{"self":[{"href":"https:\/\/www.costaogolfville.com.br\/institucional\/golf\/wp-json\/wp\/v2\/pages\/55"}],"collection":[{"href":"https:\/\/www.costaogolfville.com.br\/institucional\/golf\/wp-json\/wp\/v2\/pages"}],"about":[{"href":"https:\/\/www.costaogolfville.com.br\/institucional\/golf\/wp-json\/wp\/v2\/types\/page"}],"author":[{"embeddable":true,"href":"https:\/\/www.costaogolfville.com.br\/institucional\/golf\/wp-json\/wp\/v2\/users\/1"}],"replies":[{"embeddable":true,"href":"https:\/\/www.costaogolfville.com.br\/institucional\/golf\/wp-json\/wp\/v2\/comments?post=55"}],"version-history":[{"count":2,"href":"https:\/\/www.costaogolfville.com.br\/institucional\/golf\/wp-json\/wp\/v2\/pages\/55\/revisions"}],"predecessor-version":[{"id":6560,"href":"https:\/\/www.costaogolfville.com.br\/institucional\/golf\/wp-json\/wp\/v2\/pages\/55\/revisions\/6560"}],"wp:featuredmedia":[{"embeddable":true,"href":"https:\/\/www.costaogolfville.com.br\/institucional\/golf\/wp-json\/wp\/v2\/media\/1835"}],"wp:attachment":[{"href":"https:\/\/www.costaogolfville.com.br\/institucional\/golf\/wp-json\/wp\/v2\/media?parent=55"}],"curies":[{"name":"wp","href":"https:\/\/api.w.org\/{rel}","templated":true}]}}