{"id":51,"date":"2016-05-15T07:18:41","date_gmt":"2016-05-15T10:18:41","guid":{"rendered":"http:\/\/costaogolf.com.br\/?page_id=51"},"modified":"2016-08-03T10:41:04","modified_gmt":"2016-08-03T13:41:04","slug":"o-campo","status":"publish","type":"page","link":"https:\/\/www.costaogolfville.com.br\/institucional\/golf\/o-campo\/","title":{"rendered":"O Campo"},"content":{"rendered":"","protected":false},"excerpt":{"rendered":"","protected":false},"author":1,"featured_media":1833,"parent":0,"menu_order":0,"comment_status":"closed","ping_status":"closed","template":"","meta":{"spay_email":""},"jetpack_sharing_enabled":true,"jetpack_shortlink":"https:\/\/wp.me\/P7G2mK-P","jetpack-related-posts":[{"id":3313,"url":"https:\/\/www.costaogolfville.com.br\/institucional\/golf\/regras-locais\/","url_meta":{"origin":51,"position":0},"title":"Regras locais","date":"19 de abril de 2017","format":false,"excerpt":"REGRAS LOCAIS: 1.Buraco 1\/10 e 2\/11: \u00c1reas de Preserva\u00e7\u00e3o: Estacas verdes. A bola n\u00e3o poder\u00e1 ser jogada dentro das \u00c1reas de Preserva\u00e7\u00e3o (penalidade duas tacadas). \u00c9 considerado azar lateral. As estacas s\u00e3o Obstru\u00e7\u00f5es Fixas (Regra 24.2). A bola poder\u00e1 ser jogada da \u00e1rea de drop respectiva, com penalidade de uma\u2026","rel":"","context":"Post similar","img":{"alt_text":"","src":"https:\/\/i2.wp.com\/www.costaogolfville.com.br\/institucional\/golf\/wp-content\/uploads\/2016\/06\/home_subheader_4.jpg?fit=1200%2C438&ssl=1&resize=350%2C200","width":350,"height":200},"classes":[]},{"id":53,"url":"https:\/\/www.costaogolfville.com.br\/institucional\/golf\/sobre\/","url_meta":{"origin":51,"position":1},"title":"Sobre","date":"15 de maio de 2016","format":false,"excerpt":"[vc_row][vc_column width=\"1\/2\"][vc_column_text] Cercado de verde e paisagens fascinantes com morros, dunas, lagoas e as melhores praias da Ilha, o Cost\u00e3o Golf Club apresenta completa infraestrutura para atender jogadores dos mais variados perfis. Driving Range: Um dos melhores do Brasil, com 22 baias de lan\u00e7amento, 300 jardas de comprimento por 100\u2026","rel":"","context":"Post similar","img":{"alt_text":"","src":"https:\/\/i2.wp.com\/www.costaogolfville.com.br\/institucional\/golf\/wp-content\/uploads\/2016\/06\/home_subheader_4.jpg?fit=1200%2C438&ssl=1&resize=350%2C200","width":350,"height":200},"classes":[]},{"id":65,"url":"https:\/\/www.costaogolfville.com.br\/institucional\/golf\/o-golfe\/","url_meta":{"origin":51,"position":2},"title":"O Golfe","date":"15 de maio de 2016","format":false,"excerpt":"","rel":"","context":"Post similar","img":{"alt_text":"","src":"https:\/\/i1.wp.com\/www.costaogolfville.com.br\/institucional\/golf\/wp-content\/uploads\/2016\/06\/home_subheader_3.jpg?fit=1200%2C438&ssl=1&resize=350%2C200","width":350,"height":200},"classes":[]}],"_links":{"self":[{"href":"https:\/\/www.costaogolfville.com.br\/institucional\/golf\/wp-json\/wp\/v2\/pages\/51"}],"collection":[{"href":"https:\/\/www.costaogolfville.com.br\/institucional\/golf\/wp-json\/wp\/v2\/pages"}],"about":[{"href":"https:\/\/www.costaogolfville.com.br\/institucional\/golf\/wp-json\/wp\/v2\/types\/page"}],"author":[{"embeddable":true,"href":"https:\/\/www.costaogolfville.com.br\/institucional\/golf\/wp-json\/wp\/v2\/users\/1"}],"replies":[{"embeddable":true,"href":"https:\/\/www.costaogolfville.com.br\/institucional\/golf\/wp-json\/wp\/v2\/comments?post=51"}],"version-history":[{"count":1,"href":"https:\/\/www.costaogolfville.com.br\/institucional\/golf\/wp-json\/wp\/v2\/pages\/51\/revisions"}],"predecessor-version":[{"id":52,"href":"https:\/\/www.costaogolfville.com.br\/institucional\/golf\/wp-json\/wp\/v2\/pages\/51\/revisions\/52"}],"wp:featuredmedia":[{"embeddable":true,"href":"https:\/\/www.costaogolfville.com.br\/institucional\/golf\/wp-json\/wp\/v2\/media\/1833"}],"wp:attachment":[{"href":"https:\/\/www.costaogolfville.com.br\/institucional\/golf\/wp-json\/wp\/v2\/media?parent=51"}],"curies":[{"name":"wp","href":"https:\/\/api.w.org\/{rel}","templated":true}]}}